{"id":12,"date":"2026-04-28T08:14:24","date_gmt":"2026-04-28T08:14:24","guid":{"rendered":"https:\/\/aphroditeshop.azdigi.shop\/index.php\/cart\/"},"modified":"2026-04-28T08:14:24","modified_gmt":"2026-04-28T08:14:24","slug":"cart","status":"publish","type":"page","link":"https:\/\/aphroditeshop.azdigi.shop\/index.php\/cart\/","title":{"rendered":"Cart"},"content":{"rendered":"\n<div data-block-name=\"woocommerce\/cart\" class=\"wp-block-woocommerce-cart alignwide is-loading\">\n<div data-block-name=\"woocommerce\/filled-cart-block\" class=\"wp-block-woocommerce-filled-cart-block\">\n<div data-block-name=\"woocommerce\/cart-items-block\" class=\"wp-block-woocommerce-cart-items-block\">\n<div data-block-name=\"woocommerce\/cart-line-items-block\" class=\"wp-block-woocommerce-cart-line-items-block\"><\/div>\n\n\n<\/div>\n\n\n\n\n<div data-block-name=\"woocommerce\/cart-totals-block\" class=\"wp-block-woocommerce-cart-totals-block\">\n<div data-block-name=\"woocommerce\/cart-order-summary-block\" class=\"wp-block-woocommerce-cart-order-summary-block\">\n<div data-block-name=\"woocommerce\/cart-order-summary-heading-block\" class=\"wp-block-woocommerce-cart-order-summary-heading-block\"><\/div><div data-block-name=\"woocommerce\/cart-order-summary-coupon-form-block\" class=\"wp-block-woocommerce-cart-order-summary-coupon-form-block\"><\/div><div data-block-name=\"woocommerce\/cart-order-summary-totals-block\" class=\"wp-block-woocommerce-cart-order-summary-totals-block\">\n<div data-block-name=\"woocommerce\/cart-order-summary-subtotal-block\" class=\"wp-block-woocommerce-cart-order-summary-subtotal-block\"><\/div>\n<div data-block-name=\"woocommerce\/cart-order-summary-discount-block\" class=\"wp-block-woocommerce-cart-order-summary-discount-block\"><\/div>\n<div data-block-name=\"woocommerce\/cart-order-summary-fee-block\" class=\"wp-block-woocommerce-cart-order-summary-fee-block\"><\/div>\n<div data-block-name=\"woocommerce\/cart-order-summary-shipping-block\" class=\"wp-block-woocommerce-cart-order-summary-shipping-block\"><\/div>\n<div data-block-name=\"woocommerce\/cart-order-summary-taxes-block\" class=\"wp-block-woocommerce-cart-order-summary-taxes-block\"><\/div><\/div>\n<\/div>\n\n\n\n<div data-block-name=\"woocommerce\/cart-express-payment-block\" class=\"wp-block-woocommerce-cart-express-payment-block\"><\/div>\n\n\n\n<div data-block-name=\"woocommerce\/proceed-to-checkout-block\" class=\"wp-block-woocommerce-proceed-to-checkout-block\"><\/div>\n\n\n\n<div data-block-name=\"woocommerce\/cart-accepted-payment-methods-block\" class=\"wp-block-woocommerce-cart-accepted-payment-methods-block\"><\/div>\n<\/div>\n<\/div>\n\n\n\n<div data-block-name=\"woocommerce\/empty-cart-block\" class=\"wp-block-woocommerce-empty-cart-block\">\n<h2 class=\"wp-block-heading has-text-align-center with-empty-cart-icon wc-block-cart__empty-cart__title\">Your cart is currently empty!<\/h2>\n\n\n\n<hr class=\"wp-block-separator has-alpha-channel-opacity is-style-dots\"\/>\n\n\n\n<h2 class=\"wp-block-heading has-text-align-center\">New in store<\/h2>\n\n\n<div data-block-name=\"woocommerce\/product-new\" data-columns=\"4\" data-rows=\"1\" class=\"wc-block-grid wp-block-product-new wp-block-woocommerce-product-new wc-block-product-new has-4-columns\"><ul class=\"wc-block-grid__products\"><li class=\"wc-block-grid__product\">\n\t\t\t\t<a href=\"https:\/\/aphroditeshop.azdigi.shop\/index.php\/product\/ao-dau-san-khach-doi-tuyen-nhat-ban-26-phien-ban-authentic\/\" class=\"wc-block-grid__product-link\">\n\t\t\t\t\t\n\t\t\t\t\t<div class=\"wc-block-grid__product-image\"><img loading=\"lazy\" decoding=\"async\" width=\"300\" height=\"300\" src=\"https:\/\/aphroditeshop.azdigi.shop\/wp-content\/uploads\/2026\/04\/Ao_DJau_San_Khach_DJoi_Tuyen_Nhat_Ban_26_Phien_Ban_Authentic_trang_KD3348_HM3.tiff-300x300.avif\" class=\"attachment-woocommerce_thumbnail size-woocommerce_thumbnail\" alt=\"\u00c1o \u0110\u1ea5u S\u00e2n Kh\u00e1ch \u0110\u1ed9i Tuy\u1ec3n Nh\u1eadt B\u1ea3n 26 Phi\u00ean B\u1ea3n Authentic\" srcset=\"https:\/\/aphroditeshop.azdigi.shop\/wp-content\/uploads\/2026\/04\/Ao_DJau_San_Khach_DJoi_Tuyen_Nhat_Ban_26_Phien_Ban_Authentic_trang_KD3348_HM3.tiff-300x300.avif 300w, https:\/\/aphroditeshop.azdigi.shop\/wp-content\/uploads\/2026\/04\/Ao_DJau_San_Khach_DJoi_Tuyen_Nhat_Ban_26_Phien_Ban_Authentic_trang_KD3348_HM3.tiff-1024x1024.avif 1024w, https:\/\/aphroditeshop.azdigi.shop\/wp-content\/uploads\/2026\/04\/Ao_DJau_San_Khach_DJoi_Tuyen_Nhat_Ban_26_Phien_Ban_Authentic_trang_KD3348_HM3.tiff-150x150.avif 150w, https:\/\/aphroditeshop.azdigi.shop\/wp-content\/uploads\/2026\/04\/Ao_DJau_San_Khach_DJoi_Tuyen_Nhat_Ban_26_Phien_Ban_Authentic_trang_KD3348_HM3.tiff-768x768.avif 768w, https:\/\/aphroditeshop.azdigi.shop\/wp-content\/uploads\/2026\/04\/Ao_DJau_San_Khach_DJoi_Tuyen_Nhat_Ban_26_Phien_Ban_Authentic_trang_KD3348_HM3.tiff-1536x1536.avif 1536w, https:\/\/aphroditeshop.azdigi.shop\/wp-content\/uploads\/2026\/04\/Ao_DJau_San_Khach_DJoi_Tuyen_Nhat_Ban_26_Phien_Ban_Authentic_trang_KD3348_HM3.tiff-600x600.avif 600w, https:\/\/aphroditeshop.azdigi.shop\/wp-content\/uploads\/2026\/04\/Ao_DJau_San_Khach_DJoi_Tuyen_Nhat_Ban_26_Phien_Ban_Authentic_trang_KD3348_HM3.tiff-100x100.avif 100w, https:\/\/aphroditeshop.azdigi.shop\/wp-content\/uploads\/2026\/04\/Ao_DJau_San_Khach_DJoi_Tuyen_Nhat_Ban_26_Phien_Ban_Authentic_trang_KD3348_HM3.tiff.avif 2000w\" sizes=\"auto, (max-width: 300px) 100vw, 300px\" \/><\/div>\n\t\t\t\t\t<div class=\"wc-block-grid__product-title\">\u00c1o \u0110\u1ea5u S\u00e2n Kh\u00e1ch \u0110\u1ed9i Tuy\u1ec3n Nh\u1eadt B\u1ea3n 26 Phi\u00ean B\u1ea3n Authentic<\/div>\n\t\t\t\t<\/a>\n\t\t\t\t<div class=\"wc-block-grid__product-price price\"><span class=\"woocommerce-Price-amount amount\"><span class=\"woocommerce-Price-currencySymbol\">&#036;<\/span>3,000,000.00<\/span><\/div>\n\t\t\t\t\n\t\t\t\t<div class=\"wp-block-button wc-block-grid__product-add-to-cart\"><a href=\"https:\/\/aphroditeshop.azdigi.shop\/index.php\/product\/ao-dau-san-khach-doi-tuyen-nhat-ban-26-phien-ban-authentic\/\" aria-label=\"L\u1ef1a ch\u1ecdn cho &ldquo;\u00c1o \u0110\u1ea5u S\u00e2n Kh\u00e1ch \u0110\u1ed9i Tuy\u1ec3n Nh\u1eadt B\u1ea3n 26 Phi\u00ean B\u1ea3n Authentic&rdquo;\" data-quantity=\"1\" data-product_id=\"60\" data-product_sku=\"\" data-price=\"3000000\" rel=\"nofollow\" class=\"wp-block-button__link  add_to_cart_button\">Ch\u1ecdn<\/a><\/div>\n\t\t\t<\/li><li class=\"wc-block-grid__product\">\n\t\t\t\t<a href=\"https:\/\/aphroditeshop.azdigi.shop\/index.php\/product\/ao-dau-san-nha-doi-tuyen-duc-26-phien-ban-authentic\/\" class=\"wc-block-grid__product-link\">\n\t\t\t\t\t\n\t\t\t\t\t<div class=\"wc-block-grid__product-image\"><img loading=\"lazy\" decoding=\"async\" width=\"300\" height=\"300\" src=\"https:\/\/aphroditeshop.azdigi.shop\/wp-content\/uploads\/2026\/04\/Ao_DJau_San_Nha_DJoi_Tuyen_DJuc_26_Phien_Ban_Authentic_trang_JN2066_HM3-300x300.avif\" class=\"attachment-woocommerce_thumbnail size-woocommerce_thumbnail\" alt=\"\u00c1o \u0110\u1ea5u S\u00e2n Nh\u00e0 \u0110\u1ed9i Tuy\u1ec3n \u0110\u1ee9c 26 Phi\u00ean B\u1ea3n Authentic\" srcset=\"https:\/\/aphroditeshop.azdigi.shop\/wp-content\/uploads\/2026\/04\/Ao_DJau_San_Nha_DJoi_Tuyen_DJuc_26_Phien_Ban_Authentic_trang_JN2066_HM3-300x300.avif 300w, https:\/\/aphroditeshop.azdigi.shop\/wp-content\/uploads\/2026\/04\/Ao_DJau_San_Nha_DJoi_Tuyen_DJuc_26_Phien_Ban_Authentic_trang_JN2066_HM3-1024x1024.avif 1024w, https:\/\/aphroditeshop.azdigi.shop\/wp-content\/uploads\/2026\/04\/Ao_DJau_San_Nha_DJoi_Tuyen_DJuc_26_Phien_Ban_Authentic_trang_JN2066_HM3-150x150.avif 150w, https:\/\/aphroditeshop.azdigi.shop\/wp-content\/uploads\/2026\/04\/Ao_DJau_San_Nha_DJoi_Tuyen_DJuc_26_Phien_Ban_Authentic_trang_JN2066_HM3-768x768.avif 768w, https:\/\/aphroditeshop.azdigi.shop\/wp-content\/uploads\/2026\/04\/Ao_DJau_San_Nha_DJoi_Tuyen_DJuc_26_Phien_Ban_Authentic_trang_JN2066_HM3-1536x1536.avif 1536w, https:\/\/aphroditeshop.azdigi.shop\/wp-content\/uploads\/2026\/04\/Ao_DJau_San_Nha_DJoi_Tuyen_DJuc_26_Phien_Ban_Authentic_trang_JN2066_HM3-600x600.avif 600w, https:\/\/aphroditeshop.azdigi.shop\/wp-content\/uploads\/2026\/04\/Ao_DJau_San_Nha_DJoi_Tuyen_DJuc_26_Phien_Ban_Authentic_trang_JN2066_HM3-100x100.avif 100w, https:\/\/aphroditeshop.azdigi.shop\/wp-content\/uploads\/2026\/04\/Ao_DJau_San_Nha_DJoi_Tuyen_DJuc_26_Phien_Ban_Authentic_trang_JN2066_HM3.avif 2000w\" sizes=\"auto, (max-width: 300px) 100vw, 300px\" \/><\/div>\n\t\t\t\t\t<div class=\"wc-block-grid__product-title\">\u00c1o \u0110\u1ea5u S\u00e2n Nh\u00e0 \u0110\u1ed9i Tuy\u1ec3n \u0110\u1ee9c 26 Phi\u00ean B\u1ea3n Authentic<\/div>\n\t\t\t\t<\/a>\n\t\t\t\t<div class=\"wc-block-grid__product-price price\"><span class=\"woocommerce-Price-amount amount\"><span class=\"woocommerce-Price-currencySymbol\">&#036;<\/span>3,000,000.00<\/span><\/div>\n\t\t\t\t\n\t\t\t\t<div class=\"wp-block-button wc-block-grid__product-add-to-cart\"><a href=\"https:\/\/aphroditeshop.azdigi.shop\/index.php\/product\/ao-dau-san-nha-doi-tuyen-duc-26-phien-ban-authentic\/\" aria-label=\"L\u1ef1a ch\u1ecdn cho &ldquo;\u00c1o \u0110\u1ea5u S\u00e2n Nh\u00e0 \u0110\u1ed9i Tuy\u1ec3n \u0110\u1ee9c 26 Phi\u00ean B\u1ea3n Authentic&rdquo;\" data-quantity=\"1\" data-product_id=\"46\" data-product_sku=\"\" data-price=\"3000000\" rel=\"nofollow\" class=\"wp-block-button__link  add_to_cart_button\">Ch\u1ecdn<\/a><\/div>\n\t\t\t<\/li><li class=\"wc-block-grid__product\">\n\t\t\t\t<a href=\"https:\/\/aphroditeshop.azdigi.shop\/index.php\/product\/ao-dau-san-nha-doi-tuyen-argentina-26-phien-ban-authentic\/\" class=\"wc-block-grid__product-link\">\n\t\t\t\t\t\n\t\t\t\t\t<div class=\"wc-block-grid__product-image\"><img loading=\"lazy\" decoding=\"async\" width=\"300\" height=\"300\" src=\"https:\/\/aphroditeshop.azdigi.shop\/wp-content\/uploads\/2026\/04\/Ao_DJau_San_Nha_DJoi_Tuyen_Argentina_2006_trang_KF0322_HM3_hover-300x300.avif\" class=\"attachment-woocommerce_thumbnail size-woocommerce_thumbnail\" alt=\"\u00c1o \u0110\u1ea5u S\u00e2n Nh\u00e0 \u0110\u1ed9i Tuy\u1ec3n Argentina 26 Phi\u00ean B\u1ea3n Authentic\" srcset=\"https:\/\/aphroditeshop.azdigi.shop\/wp-content\/uploads\/2026\/04\/Ao_DJau_San_Nha_DJoi_Tuyen_Argentina_2006_trang_KF0322_HM3_hover-300x300.avif 300w, https:\/\/aphroditeshop.azdigi.shop\/wp-content\/uploads\/2026\/04\/Ao_DJau_San_Nha_DJoi_Tuyen_Argentina_2006_trang_KF0322_HM3_hover-150x150.avif 150w, https:\/\/aphroditeshop.azdigi.shop\/wp-content\/uploads\/2026\/04\/Ao_DJau_San_Nha_DJoi_Tuyen_Argentina_2006_trang_KF0322_HM3_hover-600x600.avif 600w, https:\/\/aphroditeshop.azdigi.shop\/wp-content\/uploads\/2026\/04\/Ao_DJau_San_Nha_DJoi_Tuyen_Argentina_2006_trang_KF0322_HM3_hover-100x100.avif 100w, https:\/\/aphroditeshop.azdigi.shop\/wp-content\/uploads\/2026\/04\/Ao_DJau_San_Nha_DJoi_Tuyen_Argentina_2006_trang_KF0322_HM3_hover.avif 766w\" sizes=\"auto, (max-width: 300px) 100vw, 300px\" \/><\/div>\n\t\t\t\t\t<div class=\"wc-block-grid__product-title\">\u00c1o \u0110\u1ea5u S\u00e2n Nh\u00e0 \u0110\u1ed9i Tuy\u1ec3n Argentina 26 Phi\u00ean B\u1ea3n Authentic<\/div>\n\t\t\t\t<\/a>\n\t\t\t\t<div class=\"wc-block-grid__product-price price\"><span class=\"woocommerce-Price-amount amount\"><span class=\"woocommerce-Price-currencySymbol\">&#036;<\/span>3,000,000.00<\/span><\/div>\n\t\t\t\t\n\t\t\t\t<div class=\"wp-block-button wc-block-grid__product-add-to-cart\"><a href=\"https:\/\/aphroditeshop.azdigi.shop\/index.php\/product\/ao-dau-san-nha-doi-tuyen-argentina-26-phien-ban-authentic\/\" aria-label=\"L\u1ef1a ch\u1ecdn cho &ldquo;\u00c1o \u0110\u1ea5u S\u00e2n Nh\u00e0 \u0110\u1ed9i Tuy\u1ec3n Argentina 26 Phi\u00ean B\u1ea3n Authentic&rdquo;\" data-quantity=\"1\" data-product_id=\"37\" data-product_sku=\"\" data-price=\"3000000\" rel=\"nofollow\" class=\"wp-block-button__link  add_to_cart_button\">Ch\u1ecdn<\/a><\/div>\n\t\t\t<\/li><\/ul><\/div><\/div>\n<\/div>\n","protected":false},"excerpt":{"rendered":"","protected":false},"author":1,"featured_media":0,"parent":0,"menu_order":0,"comment_status":"closed","ping_status":"closed","template":"","meta":{"footnotes":""},"class_list":["post-12","page","type-page","status-publish","hentry"],"yoast_head":"<!-- This site is optimized with the Yoast SEO plugin v27.5 - https:\/\/yoast.com\/product\/yoast-seo-wordpress\/ -->\n<title>Cart - Aphroditeshop<\/title>\n<meta name=\"robots\" content=\"index, follow, max-snippet:-1, max-image-preview:large, max-video-preview:-1\" \/>\n<link rel=\"canonical\" href=\"https:\/\/aphroditeshop.azdigi.shop\/index.php\/cart\/\" \/>\n<meta property=\"og:locale\" content=\"vi_VN\" \/>\n<meta property=\"og:type\" content=\"article\" \/>\n<meta property=\"og:title\" content=\"Cart - Aphroditeshop\" \/>\n<meta property=\"og:url\" content=\"https:\/\/aphroditeshop.azdigi.shop\/index.php\/cart\/\" \/>\n<meta property=\"og:site_name\" content=\"Aphroditeshop\" \/>\n<meta name=\"twitter:card\" content=\"summary_large_image\" \/>\n<script type=\"application\/ld+json\" class=\"yoast-schema-graph\">{\"@context\":\"https:\\\/\\\/schema.org\",\"@graph\":[{\"@type\":\"WebPage\",\"@id\":\"https:\\\/\\\/aphroditeshop.azdigi.shop\\\/index.php\\\/cart\\\/\",\"url\":\"https:\\\/\\\/aphroditeshop.azdigi.shop\\\/index.php\\\/cart\\\/\",\"name\":\"Cart - Aphroditeshop\",\"isPartOf\":{\"@id\":\"https:\\\/\\\/aphroditeshop.azdigi.shop\\\/#website\"},\"datePublished\":\"2026-04-28T08:14:24+00:00\",\"breadcrumb\":{\"@id\":\"https:\\\/\\\/aphroditeshop.azdigi.shop\\\/index.php\\\/cart\\\/#breadcrumb\"},\"inLanguage\":\"vi\",\"potentialAction\":[{\"@type\":\"ReadAction\",\"target\":[\"https:\\\/\\\/aphroditeshop.azdigi.shop\\\/index.php\\\/cart\\\/\"]}]},{\"@type\":\"BreadcrumbList\",\"@id\":\"https:\\\/\\\/aphroditeshop.azdigi.shop\\\/index.php\\\/cart\\\/#breadcrumb\",\"itemListElement\":[{\"@type\":\"ListItem\",\"position\":1,\"name\":\"Trang ch\u1ee7\",\"item\":\"https:\\\/\\\/aphroditeshop.azdigi.shop\\\/\"},{\"@type\":\"ListItem\",\"position\":2,\"name\":\"Cart\"}]},{\"@type\":\"WebSite\",\"@id\":\"https:\\\/\\\/aphroditeshop.azdigi.shop\\\/#website\",\"url\":\"https:\\\/\\\/aphroditeshop.azdigi.shop\\\/\",\"name\":\"Aphroditeshop\",\"description\":\"\",\"publisher\":{\"@id\":\"https:\\\/\\\/aphroditeshop.azdigi.shop\\\/#organization\"},\"potentialAction\":[{\"@type\":\"SearchAction\",\"target\":{\"@type\":\"EntryPoint\",\"urlTemplate\":\"https:\\\/\\\/aphroditeshop.azdigi.shop\\\/?s={search_term_string}\"},\"query-input\":{\"@type\":\"PropertyValueSpecification\",\"valueRequired\":true,\"valueName\":\"search_term_string\"}}],\"inLanguage\":\"vi\"},{\"@type\":\"Organization\",\"@id\":\"https:\\\/\\\/aphroditeshop.azdigi.shop\\\/#organization\",\"name\":\"Aphroditeshop\",\"url\":\"https:\\\/\\\/aphroditeshop.azdigi.shop\\\/\",\"logo\":{\"@type\":\"ImageObject\",\"inLanguage\":\"vi\",\"@id\":\"https:\\\/\\\/aphroditeshop.azdigi.shop\\\/#\\\/schema\\\/logo\\\/image\\\/\",\"url\":\"https:\\\/\\\/aphroditeshop.azdigi.shop\\\/wp-content\\\/uploads\\\/2026\\\/04\\\/Beige-Minimalist-Typography-Fashion-Logo-1.png\",\"contentUrl\":\"https:\\\/\\\/aphroditeshop.azdigi.shop\\\/wp-content\\\/uploads\\\/2026\\\/04\\\/Beige-Minimalist-Typography-Fashion-Logo-1.png\",\"width\":2000,\"height\":2000,\"caption\":\"Aphroditeshop\"},\"image\":{\"@id\":\"https:\\\/\\\/aphroditeshop.azdigi.shop\\\/#\\\/schema\\\/logo\\\/image\\\/\"}}]}<\/script>\n<!-- \/ Yoast SEO plugin. -->","yoast_head_json":{"title":"Cart - Aphroditeshop","robots":{"index":"index","follow":"follow","max-snippet":"max-snippet:-1","max-image-preview":"max-image-preview:large","max-video-preview":"max-video-preview:-1"},"canonical":"https:\/\/aphroditeshop.azdigi.shop\/index.php\/cart\/","og_locale":"vi_VN","og_type":"article","og_title":"Cart - Aphroditeshop","og_url":"https:\/\/aphroditeshop.azdigi.shop\/index.php\/cart\/","og_site_name":"Aphroditeshop","twitter_card":"summary_large_image","schema":{"@context":"https:\/\/schema.org","@graph":[{"@type":"WebPage","@id":"https:\/\/aphroditeshop.azdigi.shop\/index.php\/cart\/","url":"https:\/\/aphroditeshop.azdigi.shop\/index.php\/cart\/","name":"Cart - Aphroditeshop","isPartOf":{"@id":"https:\/\/aphroditeshop.azdigi.shop\/#website"},"datePublished":"2026-04-28T08:14:24+00:00","breadcrumb":{"@id":"https:\/\/aphroditeshop.azdigi.shop\/index.php\/cart\/#breadcrumb"},"inLanguage":"vi","potentialAction":[{"@type":"ReadAction","target":["https:\/\/aphroditeshop.azdigi.shop\/index.php\/cart\/"]}]},{"@type":"BreadcrumbList","@id":"https:\/\/aphroditeshop.azdigi.shop\/index.php\/cart\/#breadcrumb","itemListElement":[{"@type":"ListItem","position":1,"name":"Trang ch\u1ee7","item":"https:\/\/aphroditeshop.azdigi.shop\/"},{"@type":"ListItem","position":2,"name":"Cart"}]},{"@type":"WebSite","@id":"https:\/\/aphroditeshop.azdigi.shop\/#website","url":"https:\/\/aphroditeshop.azdigi.shop\/","name":"Aphroditeshop","description":"","publisher":{"@id":"https:\/\/aphroditeshop.azdigi.shop\/#organization"},"potentialAction":[{"@type":"SearchAction","target":{"@type":"EntryPoint","urlTemplate":"https:\/\/aphroditeshop.azdigi.shop\/?s={search_term_string}"},"query-input":{"@type":"PropertyValueSpecification","valueRequired":true,"valueName":"search_term_string"}}],"inLanguage":"vi"},{"@type":"Organization","@id":"https:\/\/aphroditeshop.azdigi.shop\/#organization","name":"Aphroditeshop","url":"https:\/\/aphroditeshop.azdigi.shop\/","logo":{"@type":"ImageObject","inLanguage":"vi","@id":"https:\/\/aphroditeshop.azdigi.shop\/#\/schema\/logo\/image\/","url":"https:\/\/aphroditeshop.azdigi.shop\/wp-content\/uploads\/2026\/04\/Beige-Minimalist-Typography-Fashion-Logo-1.png","contentUrl":"https:\/\/aphroditeshop.azdigi.shop\/wp-content\/uploads\/2026\/04\/Beige-Minimalist-Typography-Fashion-Logo-1.png","width":2000,"height":2000,"caption":"Aphroditeshop"},"image":{"@id":"https:\/\/aphroditeshop.azdigi.shop\/#\/schema\/logo\/image\/"}}]}},"_links":{"self":[{"href":"https:\/\/aphroditeshop.azdigi.shop\/index.php\/wp-json\/wp\/v2\/pages\/12","targetHints":{"allow":["GET"]}}],"collection":[{"href":"https:\/\/aphroditeshop.azdigi.shop\/index.php\/wp-json\/wp\/v2\/pages"}],"about":[{"href":"https:\/\/aphroditeshop.azdigi.shop\/index.php\/wp-json\/wp\/v2\/types\/page"}],"author":[{"embeddable":true,"href":"https:\/\/aphroditeshop.azdigi.shop\/index.php\/wp-json\/wp\/v2\/users\/1"}],"replies":[{"embeddable":true,"href":"https:\/\/aphroditeshop.azdigi.shop\/index.php\/wp-json\/wp\/v2\/comments?post=12"}],"version-history":[{"count":0,"href":"https:\/\/aphroditeshop.azdigi.shop\/index.php\/wp-json\/wp\/v2\/pages\/12\/revisions"}],"wp:attachment":[{"href":"https:\/\/aphroditeshop.azdigi.shop\/index.php\/wp-json\/wp\/v2\/media?parent=12"}],"curies":[{"name":"wp","href":"https:\/\/api.w.org\/{rel}","templated":true}]}}